{"id":2389,"date":"2021-05-11T14:50:32","date_gmt":"2021-05-11T14:50:32","guid":{"rendered":"https:\/\/nitrogarden.com.mx\/?page_id=2389"},"modified":"2025-07-23T12:57:13","modified_gmt":"2025-07-23T12:57:13","slug":"envios","status":"publish","type":"page","link":"https:\/\/nitrogarden.com.mx\/?page_id=2389","title":{"rendered":"ENV\u00cdOS A TODA LA REP\u00daBLICA"},"content":{"rendered":"<div class=\"wp-block-image\">\n<figure class=\"aligncenter size-full\"><img loading=\"lazy\" decoding=\"async\" width=\"690\" height=\"362\" src=\"https:\/\/nitrogarden.com.mx\/wp-content\/uploads\/2025\/07\/image-removebg-preview-2.png\" alt=\"\" class=\"wp-image-4163\" srcset=\"https:\/\/nitrogarden.com.mx\/wp-content\/uploads\/2025\/07\/image-removebg-preview-2.png 690w, https:\/\/nitrogarden.com.mx\/wp-content\/uploads\/2025\/07\/image-removebg-preview-2-300x157.png 300w, https:\/\/nitrogarden.com.mx\/wp-content\/uploads\/2025\/07\/image-removebg-preview-2-445x233.png 445w\" sizes=\"auto, (max-width: 690px) 100vw, 690px\" \/><\/figure><\/div>\n\n\n<p>-Todos los env\u00edos se hacen al d\u00eda siguiente de hacer su compra.<\/p>\n\n\n\n<p>-Se entrega gu\u00eda de rastreo v\u00eda whatsapp o v\u00eda correo para que le de seguimiento a su compra.<\/p>\n\n\n\n<p>-Env\u00edos se cobran aparte al precio presentado de los equipos.<\/p>\n\n\n\n<p>Mas de 15 a\u00f1os de venta en l\u00ednea <\/p>\n\n\n\n<p><\/p>\n","protected":false},"excerpt":{"rendered":"<p>-Todos los env\u00edos se hacen al d\u00eda siguiente de hacer su compra. -Se entrega gu\u00eda de rastreo v\u00eda whatsapp o v\u00eda correo para que le de seguimiento a su compra. -Env\u00edos se cobran aparte al precio presentado de los equipos. Mas de 15 a\u00f1os de venta en l\u00ednea<\/p>\n","protected":false},"author":2,"featured_media":0,"parent":0,"menu_order":0,"comment_status":"closed","ping_status":"closed","template":"","meta":{"iawp_total_views":19,"_joinchat":[],"footnotes":""},"class_list":["post-2389","page","type-page","status-publish","hentry"],"_links":{"self":[{"href":"https:\/\/nitrogarden.com.mx\/index.php?rest_route=\/wp\/v2\/pages\/2389","targetHints":{"allow":["GET"]}}],"collection":[{"href":"https:\/\/nitrogarden.com.mx\/index.php?rest_route=\/wp\/v2\/pages"}],"about":[{"href":"https:\/\/nitrogarden.com.mx\/index.php?rest_route=\/wp\/v2\/types\/page"}],"author":[{"embeddable":true,"href":"https:\/\/nitrogarden.com.mx\/index.php?rest_route=\/wp\/v2\/users\/2"}],"replies":[{"embeddable":true,"href":"https:\/\/nitrogarden.com.mx\/index.php?rest_route=%2Fwp%2Fv2%2Fcomments&post=2389"}],"version-history":[{"count":5,"href":"https:\/\/nitrogarden.com.mx\/index.php?rest_route=\/wp\/v2\/pages\/2389\/revisions"}],"predecessor-version":[{"id":4166,"href":"https:\/\/nitrogarden.com.mx\/index.php?rest_route=\/wp\/v2\/pages\/2389\/revisions\/4166"}],"wp:attachment":[{"href":"https:\/\/nitrogarden.com.mx\/index.php?rest_route=%2Fwp%2Fv2%2Fmedia&parent=2389"}],"curies":[{"name":"wp","href":"https:\/\/api.w.org\/{rel}","templated":true}]}}