{"id":712,"date":"2020-07-24T01:31:25","date_gmt":"2020-07-24T01:31:25","guid":{"rendered":"http:\/\/desa.axtechsoldadoras.com.mx\/?page_id=712"},"modified":"2025-07-23T13:07:51","modified_gmt":"2025-07-23T13:07:51","slug":"formas-de-pago","status":"publish","type":"page","link":"https:\/\/nitrogarden.com.mx\/?page_id=712","title":{"rendered":"Formas de pago"},"content":{"rendered":"\n<figure class=\"wp-block-image size-large\"><img loading=\"lazy\" decoding=\"async\" width=\"1024\" height=\"227\" src=\"https:\/\/nitrogarden.com.mx\/wp-content\/uploads\/2025\/07\/Diseno-sin-titulo-1-1-1024x227.png\" alt=\"\" class=\"wp-image-4168\" srcset=\"https:\/\/nitrogarden.com.mx\/wp-content\/uploads\/2025\/07\/Diseno-sin-titulo-1-1-1024x227.png 1024w, https:\/\/nitrogarden.com.mx\/wp-content\/uploads\/2025\/07\/Diseno-sin-titulo-1-1-300x67.png 300w, https:\/\/nitrogarden.com.mx\/wp-content\/uploads\/2025\/07\/Diseno-sin-titulo-1-1-768x170.png 768w, https:\/\/nitrogarden.com.mx\/wp-content\/uploads\/2025\/07\/Diseno-sin-titulo-1-1-1536x340.png 1536w, https:\/\/nitrogarden.com.mx\/wp-content\/uploads\/2025\/07\/Diseno-sin-titulo-1-1-1320x293.png 1320w, https:\/\/nitrogarden.com.mx\/wp-content\/uploads\/2025\/07\/Diseno-sin-titulo-1-1-445x99.png 445w, https:\/\/nitrogarden.com.mx\/wp-content\/uploads\/2025\/07\/Diseno-sin-titulo-1-1.png 1800w\" sizes=\"auto, (max-width: 1024px) 100vw, 1024px\" \/><\/figure>\n\n\n\n<p>Aceptamos pagos con tarjeta de cr\u00e9dito via paypal, Mercado Pago o tambi\u00e9n por medio de transferencia electr\u00f3nica en nuestras cuentas bancarias de INBURSA y BANCOMER. Al realizar su transferencia es necesario que nos contacte a los tel 3319808106 o tambi\u00e9n via whatsapp 3319808106 de Lunes a Viernes de 9:00 am a 6:00 pm. En caso de que entren pedidos por medio de la plataforma v\u00eda paypal o mercado pago nos llegar\u00e1n sus datos autom\u00e1ticamente para nosotros hacer el env\u00edo del equipo o material al siguiente d\u00eda h\u00e1bil.<\/p>\n\n\n\n<p>Transferencia Electr\u00f3nica, Dep\u00f3sitos en Efectivo, &nbsp;Cheque y con Tarjeta de Cr\u00e9dito con pago \u00fanicamente en sucursal.<\/p>\n\n\n\n<p><em>***** Tendr\u00e1 5 d\u00edas h\u00e1biles para realizar su pago despu\u00e9s de haber hecho su compra. En caso de no realizarlo en este tiempo, se cancelar\u00e1 su pedido y tendr\u00e1 que realizarlo nuevamente *****<\/em><\/p>\n\n\n\n<p>Puede hacer pagos v\u00eda transferencia electr\u00f3nica. Tambi\u00e9n puede realizar dep\u00f3sitos en efectivo en cualquier sucursal BBVA Bancomer o Inbursa.<\/p>\n\n\n\n<figure class=\"wp-block-image is-resized\"><img decoding=\"async\" src=\"https:\/\/axtechsoldadoras.com.mx\/wp-content\/uploads\/2025\/04\/Cuentas-de-AXTECH-SOLDADORAS-188x300.jpg\" alt=\"\" class=\"wp-image-4912\" style=\"width:350px;height:auto\"\/><\/figure>\n\n\n\n<p>Las cuentas est\u00e1n a nombre de Fabricio Rafael Arechederra Pacheco.<\/p>\n\n\n\n<p>Distribuidor autorizado AXTECH SOLDADORAS.<\/p>\n\n\n\n<p>Favor de enviar el comprobante de pago al siguiente correo:&nbsp;<a href=\"mailto:ventas@oxejalsa.com\" target=\"_blank\" rel=\"noreferrer noopener\">servicio@soldectron.com<\/a> o al whatsapp 3319808106.<\/p>\n\n\n\n<p><strong>FACTURACI\u00d3N<\/strong>:<\/p>\n\n\n\n<p>Por supuesto, le expedimos factura con IVA desglosado en cada venta. La factura se expide sobre el monto total a pagar, incluyendo el env\u00edo.<\/p>\n\n\n\n<p>Si requiere una factura con sus datos individualizados, por favor ingrese los datos de facturaci\u00f3n incluyendo su RFC durante el proceso de pedido.<br>Si no requiere una factura, solo complete los datos b\u00e1sicos y le expedimos una factura gen\u00e9rica.<\/p>\n\n\n\n<p>La elaboraci\u00f3n de su factura puede tardar hasta 48 horas despu\u00e9s de haber realizado su pago. Le notificamos v\u00eda correo electr\u00f3nico en cuando este lista su factura.<\/p>\n\n\n\n<p>Puede consultar sus facturas en el \u00e1rea de&nbsp;\u00bb&nbsp;<a href=\"http:\/\/www.cyberpuerta.mx\/historial-de-pedidos\/\" target=\"_blank\" rel=\"noreferrer noopener\">Historial de mis pedidos<\/a><\/p>\n\n\n\n<p>CONTACTO:<\/p>\n\n\n\n<p>Si tiene alguna duda \u00f3 necesita asesor\u00eda al momento de hacer su compra puede hablarnos y con gusto le atenderemos.<\/p>\n\n\n\n<p>Lunes a Viernes de 9:00 am &#8211; 5:00 pm<\/p>\n\n\n\n<p>Correo Electr\u00f3nico : &nbsp;<a href=\"mailto:ventas@oxejalsa.com\" target=\"_blank\" rel=\"noreferrer noopener\">servicio@soldectron.com<\/a><\/p>\n\n\n\n<p>Guadalajara, Jalisco; M\u00e9xico.<\/p>\n\n\n\n<p><strong>MODO DE ENVIO:<\/strong><\/p>\n\n\n\n<p><strong>Todos Nuestros Env\u00edos se cotizan aparte y los hacemos con seguro o sin seguro dependiendo del cliente.<\/strong><br>Env\u00edos a todo M\u00e9xico mediante paqueter\u00edas reconocidas.&nbsp;Env\u00edos se hacen al d\u00eda siguiente de tener su pago confirmado, el tiempo de entrega depende del CP de env\u00edo aunque se estiman de 3-4 d\u00edas h\u00e1biles para las entregas en \u00e1reas que no son restringidas.&nbsp;<\/p>\n\n\n\n<p><strong>TODOS NUESTROS PRECIOS INCLUYEN I.V.A.<\/strong><\/p>\n\n\n\n<p><strong>QU\u00c9 ES PAGO POR PAYPAL?<\/strong><\/p>\n\n\n\n<figure class=\"wp-block-embed is-type-video is-provider-youtube wp-block-embed-youtube wp-embed-aspect-16-9 wp-has-aspect-ratio\"><div class=\"wp-block-embed__wrapper\">\n<iframe loading=\"lazy\" title=\"PayPal, el m\u00e9todo de pago m\u00e1s seguro, r\u00e1pido y sencillo.\" width=\"980\" height=\"551\" src=\"https:\/\/www.youtube.com\/embed\/ptnZToj4Ss4?feature=oembed\" frameborder=\"0\" allow=\"accelerometer; autoplay; clipboard-write; encrypted-media; gyroscope; picture-in-picture; web-share\" referrerpolicy=\"strict-origin-when-cross-origin\" allowfullscreen><\/iframe>\n<\/div><\/figure>\n","protected":false},"excerpt":{"rendered":"<p>Aceptamos pagos con tarjeta de cr\u00e9dito via paypal, Mercado Pago o tambi\u00e9n por medio de transferencia electr\u00f3nica en nuestras cuentas bancarias de INBURSA y BANCOMER. Al realizar su transferencia es necesario que nos contacte a los tel 3319808106 o tambi\u00e9n via whatsapp 3319808106 de Lunes a Viernes de 9:00 am a 6:00 pm. En caso [&hellip;]<\/p>\n","protected":false},"author":2,"featured_media":0,"parent":0,"menu_order":0,"comment_status":"closed","ping_status":"closed","template":"","meta":{"iawp_total_views":39,"_joinchat":[],"footnotes":""},"class_list":["post-712","page","type-page","status-publish","hentry"],"_links":{"self":[{"href":"https:\/\/nitrogarden.com.mx\/index.php?rest_route=\/wp\/v2\/pages\/712","targetHints":{"allow":["GET"]}}],"collection":[{"href":"https:\/\/nitrogarden.com.mx\/index.php?rest_route=\/wp\/v2\/pages"}],"about":[{"href":"https:\/\/nitrogarden.com.mx\/index.php?rest_route=\/wp\/v2\/types\/page"}],"author":[{"embeddable":true,"href":"https:\/\/nitrogarden.com.mx\/index.php?rest_route=\/wp\/v2\/users\/2"}],"replies":[{"embeddable":true,"href":"https:\/\/nitrogarden.com.mx\/index.php?rest_route=%2Fwp%2Fv2%2Fcomments&post=712"}],"version-history":[{"count":24,"href":"https:\/\/nitrogarden.com.mx\/index.php?rest_route=\/wp\/v2\/pages\/712\/revisions"}],"predecessor-version":[{"id":4171,"href":"https:\/\/nitrogarden.com.mx\/index.php?rest_route=\/wp\/v2\/pages\/712\/revisions\/4171"}],"wp:attachment":[{"href":"https:\/\/nitrogarden.com.mx\/index.php?rest_route=%2Fwp%2Fv2%2Fmedia&parent=712"}],"curies":[{"name":"wp","href":"https:\/\/api.w.org\/{rel}","templated":true}]}}